{"id":3858,"date":"2016-02-29T15:36:05","date_gmt":"2016-02-29T14:36:05","guid":{"rendered":"?page_id=3858"},"modified":"2025-06-10T13:55:30","modified_gmt":"2025-06-10T11:55:30","slug":"mukodesi-dokumentumok","status":"publish","type":"page","link":"https:\/\/polski.hu\/pl\/klub\/mukodesi-dokumentumok\/","title":{"rendered":"Dokumenty stowarzyszeniowe"},"content":{"rendered":"<p><a href=\"\/wp-content\/uploads\/2015\/09\/Adomanyozasi-egyben.pdf\" target=\"_blank\" rel=\"noopener\">Nysa adom\u00e1nyoz\u00e1si szerz\u0151d\u00e9s<\/a><\/p>\n<p><a href=\"http:\/\/polski.hu\/alapszabaly_2016_02_26\/\" rel=\"attachment wp-att-4058\">Alapszab\u00e1ly_2016_02_26<\/a><\/p>\n<p><a href=\"http:\/\/polski.hu\/belepesi-nyilatkozat\/\" rel=\"attachment wp-att-4059\">Bel\u00e9p\u00e9si nyilatkozat<\/a><\/p>\n<p>&nbsp;<\/p>","protected":false},"excerpt":{"rendered":"<p>Nysa adom\u00e1nyoz\u00e1si szerz\u0151d\u00e9s Alapszab\u00e1ly_2016_02_26 Bel\u00e9p\u00e9si nyilatkozat &nbsp;<\/p>\n","protected":false},"author":3,"featured_media":0,"parent":3561,"menu_order":0,"comment_status":"closed","ping_status":"closed","template":"","meta":{"_bbp_topic_count":0,"_bbp_reply_count":0,"_bbp_total_topic_count":0,"_bbp_total_reply_count":0,"_bbp_voice_count":0,"_bbp_anonymous_reply_count":0,"_bbp_topic_count_hidden":0,"_bbp_reply_count_hidden":0,"_bbp_forum_subforum_count":0,"footnotes":""},"class_list":["post-3858","page","type-page","status-publish","hentry"],"_links":{"self":[{"href":"https:\/\/polski.hu\/pl\/wp-json\/wp\/v2\/pages\/3858","targetHints":{"allow":["GET"]}}],"collection":[{"href":"https:\/\/polski.hu\/pl\/wp-json\/wp\/v2\/pages"}],"about":[{"href":"https:\/\/polski.hu\/pl\/wp-json\/wp\/v2\/types\/page"}],"author":[{"embeddable":true,"href":"https:\/\/polski.hu\/pl\/wp-json\/wp\/v2\/users\/3"}],"replies":[{"embeddable":true,"href":"https:\/\/polski.hu\/pl\/wp-json\/wp\/v2\/comments?post=3858"}],"version-history":[{"count":12,"href":"https:\/\/polski.hu\/pl\/wp-json\/wp\/v2\/pages\/3858\/revisions"}],"predecessor-version":[{"id":5059,"href":"https:\/\/polski.hu\/pl\/wp-json\/wp\/v2\/pages\/3858\/revisions\/5059"}],"up":[{"embeddable":true,"href":"https:\/\/polski.hu\/pl\/wp-json\/wp\/v2\/pages\/3561"}],"wp:attachment":[{"href":"https:\/\/polski.hu\/pl\/wp-json\/wp\/v2\/media?parent=3858"}],"curies":[{"name":"wp","href":"https:\/\/api.w.org\/{rel}","templated":true}]}}