{"id":3999,"date":"2016-05-01T00:32:08","date_gmt":"2016-04-30T22:32:08","guid":{"rendered":"http:\/\/polski.hu\/?page_id=3999"},"modified":"2016-05-02T13:07:05","modified_gmt":"2016-05-02T11:07:05","slug":"muszaki-dokumentumok","status":"publish","type":"page","link":"https:\/\/polski.hu\/pl\/klub\/muszaki-dokumentumok\/","title":{"rendered":"Dokumenty techniczne"},"content":{"rendered":"<p><a href=\"http:\/\/polski.hu\/klub\/muszaki-dokumentumok\/kezelesi-utmutato\/\" rel=\"attachment wp-att-4093\">Kezel\u00e9si \u00fatmutat\u00f3<\/a><\/p>\n<p>&nbsp;<\/p>\n<p>&nbsp;<\/p>\n<p>&nbsp;<\/p>","protected":false},"excerpt":{"rendered":"<p>Kezel\u00e9si \u00fatmutat\u00f3 &nbsp; &nbsp; &nbsp;<\/p>\n","protected":false},"author":3,"featured_media":0,"parent":3561,"menu_order":0,"comment_status":"closed","ping_status":"closed","template":"","meta":{"_bbp_topic_count":0,"_bbp_reply_count":0,"_bbp_total_topic_count":0,"_bbp_total_reply_count":0,"_bbp_voice_count":0,"_bbp_anonymous_reply_count":0,"_bbp_topic_count_hidden":0,"_bbp_reply_count_hidden":0,"_bbp_forum_subforum_count":0,"footnotes":""},"class_list":["post-3999","page","type-page","status-publish","hentry"],"_links":{"self":[{"href":"https:\/\/polski.hu\/pl\/wp-json\/wp\/v2\/pages\/3999","targetHints":{"allow":["GET"]}}],"collection":[{"href":"https:\/\/polski.hu\/pl\/wp-json\/wp\/v2\/pages"}],"about":[{"href":"https:\/\/polski.hu\/pl\/wp-json\/wp\/v2\/types\/page"}],"author":[{"embeddable":true,"href":"https:\/\/polski.hu\/pl\/wp-json\/wp\/v2\/users\/3"}],"replies":[{"embeddable":true,"href":"https:\/\/polski.hu\/pl\/wp-json\/wp\/v2\/comments?post=3999"}],"version-history":[{"count":5,"href":"https:\/\/polski.hu\/pl\/wp-json\/wp\/v2\/pages\/3999\/revisions"}],"predecessor-version":[{"id":4097,"href":"https:\/\/polski.hu\/pl\/wp-json\/wp\/v2\/pages\/3999\/revisions\/4097"}],"up":[{"embeddable":true,"href":"https:\/\/polski.hu\/pl\/wp-json\/wp\/v2\/pages\/3561"}],"wp:attachment":[{"href":"https:\/\/polski.hu\/pl\/wp-json\/wp\/v2\/media?parent=3999"}],"curies":[{"name":"wp","href":"https:\/\/api.w.org\/{rel}","templated":true}]}}